{"id":41,"date":"2023-03-18T04:08:33","date_gmt":"2023-03-18T04:08:33","guid":{"rendered":"https:\/\/www.anajaras.com\/index.php\/contact\/"},"modified":"2024-12-20T00:30:20","modified_gmt":"2024-12-20T00:30:20","slug":"contact","status":"publish","type":"page","link":"https:\/\/anajaras.com\/en_us\/contact\/","title":{"rendered":"Contact"},"content":{"rendered":"\t\t<div data-elementor-type=\"wp-page\" data-elementor-id=\"41\" class=\"elementor elementor-41\" data-elementor-post-type=\"page\">\n\t\t\t\t\t\t<section class=\"elementor-section elementor-top-section elementor-element elementor-element-4a19d8c5 elementor-section-full_width elementor-section-height-default elementor-section-height-default\" data-id=\"4a19d8c5\" data-element_type=\"section\" data-e-type=\"section\">\n\t\t\t\t\t\t<div class=\"elementor-container elementor-column-gap-no\">\n\t\t\t\t\t<div class=\"elementor-column elementor-col-100 elementor-top-column elementor-element elementor-element-2acd7b5a\" data-id=\"2acd7b5a\" data-element_type=\"column\" data-e-type=\"column\">\n\t\t\t<div class=\"elementor-widget-wrap elementor-element-populated\">\n\t\t\t\t\t\t<div class=\"elementor-element elementor-element-86888aa elementor-align-center elementor-widget__width-auto elementor-fixed elementor-hidden-phone elementor-icon-list--layout-traditional elementor-list-item-link-full_width elementor-widget elementor-widget-icon-list\" data-id=\"86888aa\" data-element_type=\"widget\" data-e-type=\"widget\" data-settings=\"{&quot;_position&quot;:&quot;fixed&quot;}\" data-widget_type=\"icon-list.default\">\n\t\t\t\t<div class=\"elementor-widget-container\">\n\t\t\t\t\t\t\t<ul class=\"elementor-icon-list-items\">\n\t\t\t\t\t\t\t<li class=\"elementor-icon-list-item\">\n\t\t\t\t\t\t\t\t\t\t\t<a href=\"https:\/\/www.behance.net\/anajaras\">\n\n\t\t\t\t\t\t\t\t\t\t\t\t<span class=\"elementor-icon-list-icon\">\n\t\t\t\t\t\t\t<svg xmlns=\"http:\/\/www.w3.org\/2000\/svg\" id=\"b10ec52c-f7dd-4459-9d2c-ac37a8834fcc\" data-name=\"Layer 1\" viewBox=\"0 0 26 17\"><path d=\"M10.5312,7.8558a3.879,3.879,0,0,0,1.208-.9629A3.9577,3.9577,0,0,0,12.47,4.3954a4.5349,4.5349,0,0,0-.7248-2.5878A4.71,4.71,0,0,0,7.6448,0H0V16.9509H7.128a10.2867,10.2867,0,0,0,2.2352-.2277,4.2314,4.2314,0,0,0,1.7872-.8516,4.5823,4.5823,0,0,0,1.12-1.3331,5.2138,5.2138,0,0,0,.7056-2.7026,4.74,4.74,0,0,0-.616-2.4836A3.6054,3.6054,0,0,0,10.5312,7.8558ZM3.1536,2.9442H6.5968a5.62,5.62,0,0,1,1.87.2642,1.5389,1.5389,0,0,1,.85,1.5677,1.6457,1.6457,0,0,1-.6432,1.4877A3.0229,3.0229,0,0,1,7,6.6844H3.1536Zm5.4448,10.767a3.5077,3.5077,0,0,1-1.6032.2989H3.1536V9.49H7.048a3.7755,3.7755,0,0,1,1.584.2851,1.8389,1.8389,0,0,1,1.0064,1.82A2.1747,2.1747,0,0,1,8.5984,13.7112Z\" style=\"fill-rule:evenodd\"><\/path><rect x=\"16.6111\" y=\"0.7083\" width=\"6.5\" height=\"2.8334\"><\/rect><path d=\"M25.8888,9.0767A5.75,5.75,0,0,0,24.9,6.5917a4.9645,4.9645,0,0,0-2.1363-1.7783A7.1692,7.1692,0,0,0,19.8521,4.25a6.0781,6.0781,0,0,0-4.4252,1.6667A6.4071,6.4071,0,0,0,13.7222,10.71q0,3.3325,1.891,4.8117A6.86,6.86,0,0,0,19.9722,17a6.1187,6.1187,0,0,0,4.6571-1.7516,3.9255,3.9255,0,0,0,1.1985-2.1734H22.5234a2.6327,2.6327,0,0,1-.667.8267,2.7962,2.7962,0,0,1-1.7944.55,3.3579,3.3579,0,0,1-1.7859-.4533,2.8589,2.8589,0,0,1-1.2968-2.5351h9.0178A15.0711,15.0711,0,0,0,25.8888,9.0767Zm-8.8283.3117a3.2372,3.2372,0,0,1,.8634-1.86A2.6261,2.6261,0,0,1,19.8554,6.84a2.9016,2.9016,0,0,1,1.9214.6467,2.6108,2.6108,0,0,1,.8616,1.9017Z\" style=\"fill-rule:evenodd\"><\/path><\/svg>\t\t\t\t\t\t<\/span>\n\t\t\t\t\t\t\t\t\t\t<span class=\"elementor-icon-list-text\"><\/span>\n\t\t\t\t\t\t\t\t\t\t\t<\/a>\n\t\t\t\t\t\t\t\t\t<\/li>\n\t\t\t\t\t\t\t\t<li class=\"elementor-icon-list-item\">\n\t\t\t\t\t\t\t\t\t\t\t<a href=\"https:\/\/instagram.com\/ana_jaras?igshid=ZDdkNTZiNTM=\">\n\n\t\t\t\t\t\t\t\t\t\t\t\t<span class=\"elementor-icon-list-icon\">\n\t\t\t\t\t\t\t<svg xmlns=\"http:\/\/www.w3.org\/2000\/svg\" id=\"a5b66522-2d0b-4d2b-9ca0-25f662c860cf\" data-name=\"Layer 1\" viewBox=\"0 0 26 26\"><g id=\"b72f5698-1c43-4a08-8b57-8ac749a07216\" data-name=\"Page-1\"><g id=\"f731df14-8d9a-4002-8f9a-a848309208fa\" data-name=\"Homepage\"><g id=\"bdfa7f62-b961-47b8-873b-1fb70dc137d1\" data-name=\"Sticky-Social-Icons\"><g id=\"f7176559-406d-4faa-b9a3-f0818c0693ca\" data-name=\"Group-5\"><path id=\"e8aaf532-0893-42c1-aea8-a21edf8137c2\" data-name=\"Fill-1\" d=\"M23.1073,4.3306A1.4446,1.4446,0,1,0,21.663,5.7791a1.45,1.45,0,0,0,1.4443-1.4485ZM13.01,5.7807a7.2151,7.2151,0,1,0,7.208,7.2146A7.2075,7.2075,0,0,0,13.01,5.7807ZM25.9918,13.12c0,1.9159.022,3.8322-.006,5.7476a7.2237,7.2237,0,0,1-5.399,6.8873,6.8057,6.8057,0,0,1-1.7214.2295c-3.9072.0017-7.8149.0427-11.7212-.0132a6.97,6.97,0,0,1-6.27-3.7959,6.7,6.7,0,0,1-.8578-3.3476c-.0046-3.8968-.04-7.794.0115-11.69A6.97,6.97,0,0,1,3.7357.9106a6.867,6.867,0,0,1,3.53-.907c3.8819.001,7.764-.0125,11.6456.0071a6.8893,6.8893,0,0,1,4.5545,1.7279A7.03,7.03,0,0,1,25.8718,5.93a7.7869,7.7869,0,0,1,.1155,1.3339c.012,1.9519.0052,3.904.0052,5.8559Z\" transform=\"translate(0 0)\" style=\"fill-rule:evenodd\"><\/path><path id=\"ae30d5b5-b0cd-4931-87e3-deb52029baa9\" data-name=\"Fill-3\" d=\"M12.9971,8.3571a4.6429,4.6429,0,1,1-4.64,4.6445,4.6422,4.6422,0,0,1,4.64-4.6445\" transform=\"translate(0 0)\" style=\"fill-rule:evenodd\"><\/path><\/g><\/g><\/g><\/g><\/svg>\t\t\t\t\t\t<\/span>\n\t\t\t\t\t\t\t\t\t\t<span class=\"elementor-icon-list-text\"><\/span>\n\t\t\t\t\t\t\t\t\t\t\t<\/a>\n\t\t\t\t\t\t\t\t\t<\/li>\n\t\t\t\t\t\t\t\t<li class=\"elementor-icon-list-item\">\n\t\t\t\t\t\t\t\t\t\t\t<a href=\"https:\/\/www.facebook.com\/ab.sanchez.75\">\n\n\t\t\t\t\t\t\t\t\t\t\t\t<span class=\"elementor-icon-list-icon\">\n\t\t\t\t\t\t\t<i aria-hidden=\"true\" class=\"fab fa-facebook-f\"><\/i>\t\t\t\t\t\t<\/span>\n\t\t\t\t\t\t\t\t\t\t<span class=\"elementor-icon-list-text\"><\/span>\n\t\t\t\t\t\t\t\t\t\t\t<\/a>\n\t\t\t\t\t\t\t\t\t<\/li>\n\t\t\t\t\t\t<\/ul>\n\t\t\t\t\t\t<\/div>\n\t\t\t\t<\/div>\n\t\t\t\t<div class=\"elementor-element elementor-element-68ccbd4f elementor-widget__width-auto elementor-absolute elementor-view-default elementor-widget elementor-widget-icon\" data-id=\"68ccbd4f\" data-element_type=\"widget\" data-e-type=\"widget\" data-settings=\"{&quot;motion_fx_motion_fx_mouse&quot;:&quot;yes&quot;,&quot;motion_fx_mouseTrack_effect&quot;:&quot;yes&quot;,&quot;motion_fx_mouseTrack_speed&quot;:{&quot;unit&quot;:&quot;px&quot;,&quot;size&quot;:&quot;0.2&quot;,&quot;sizes&quot;:[]},&quot;_position&quot;:&quot;absolute&quot;,&quot;motion_fx_motion_fx_scrolling&quot;:&quot;yes&quot;,&quot;motion_fx_devices&quot;:[&quot;desktop&quot;,&quot;tablet&quot;,&quot;mobile&quot;]}\" data-widget_type=\"icon.default\">\n\t\t\t\t<div class=\"elementor-widget-container\">\n\t\t\t\t\t\t\t<div class=\"elementor-icon-wrapper\">\n\t\t\t<div class=\"elementor-icon\">\n\t\t\t<svg xmlns=\"http:\/\/www.w3.org\/2000\/svg\" id=\"ad696dde-2671-4462-9b51-ee0463eb558c\" data-name=\"Layer 1\" viewBox=\"0 0 365 80\"><rect width=\"365\" height=\"80\"><\/rect><\/svg>\t\t\t<\/div>\n\t\t<\/div>\n\t\t\t\t\t\t<\/div>\n\t\t\t\t<\/div>\n\t\t\t\t<section class=\"elementor-section elementor-inner-section elementor-element elementor-element-fb99525 elementor-section-full_width elementor-section-height-default elementor-section-height-default\" data-id=\"fb99525\" data-element_type=\"section\" data-e-type=\"section\">\n\t\t\t\t\t\t<div class=\"elementor-container elementor-column-gap-default\">\n\t\t\t\t\t<div class=\"elementor-column elementor-col-100 elementor-inner-column elementor-element elementor-element-159f71f8\" data-id=\"159f71f8\" data-element_type=\"column\" data-e-type=\"column\">\n\t\t\t<div class=\"elementor-widget-wrap elementor-element-populated\">\n\t\t\t\t\t\t<div class=\"elementor-element elementor-element-436a85ba elementor-widget elementor-widget-heading\" data-id=\"436a85ba\" data-element_type=\"widget\" data-e-type=\"widget\" data-widget_type=\"heading.default\">\n\t\t\t\t<div class=\"elementor-widget-container\">\n\t\t\t\t\t<h1 class=\"elementor-heading-title elementor-size-default\">Si est\u00e1s interesado en mi obra y quieres m\u00e1s informaci\u00f3n, hablemos.<\/h1>\t\t\t\t<\/div>\n\t\t\t\t<\/div>\n\t\t\t\t<div class=\"elementor-element elementor-element-45a9e571 elementor-button-align-stretch elementor-widget elementor-widget-form\" data-id=\"45a9e571\" data-element_type=\"widget\" data-e-type=\"widget\" data-settings=\"{&quot;step_next_label&quot;:&quot;Next&quot;,&quot;step_previous_label&quot;:&quot;Previous&quot;,&quot;button_width&quot;:&quot;100&quot;,&quot;step_type&quot;:&quot;number_text&quot;,&quot;step_icon_shape&quot;:&quot;circle&quot;}\" data-widget_type=\"form.default\">\n\t\t\t\t<div class=\"elementor-widget-container\">\n\t\t\t\t\t\t\t<form class=\"elementor-form\" method=\"post\" name=\"Contact Form\" aria-label=\"Contact Form\">\n\t\t\t<input type=\"hidden\" name=\"post_id\" value=\"41\"\/>\n\t\t\t<input type=\"hidden\" name=\"form_id\" value=\"45a9e571\"\/>\n\t\t\t<input type=\"hidden\" name=\"referer_title\" value=\"Contact\" \/>\n\n\t\t\t\t\t\t\t<input type=\"hidden\" name=\"queried_id\" value=\"41\"\/>\n\t\t\t\n\t\t\t<div class=\"elementor-form-fields-wrapper elementor-labels-\">\n\t\t\t\t\t\t\t\t<div class=\"elementor-field-type-text elementor-field-group elementor-column elementor-field-group-name elementor-col-50\">\n\t\t\t\t\t\t\t\t\t\t\t\t<label for=\"form-field-name\" class=\"elementor-field-label elementor-screen-only\">\n\t\t\t\t\t\t\t\tName\t\t\t\t\t\t\t<\/label>\n\t\t\t\t\t\t\t\t\t\t\t\t\t\t<input size=\"1\" type=\"text\" name=\"form_fields[name]\" id=\"form-field-name\" class=\"elementor-field elementor-size-sm  elementor-field-textual\" placeholder=\"Nombre\">\n\t\t\t\t\t\t\t\t\t\t\t<\/div>\n\t\t\t\t\t\t\t\t<div class=\"elementor-field-type-email elementor-field-group elementor-column elementor-field-group-email elementor-col-50 elementor-field-required\">\n\t\t\t\t\t\t\t\t\t\t\t\t<label for=\"form-field-email\" class=\"elementor-field-label elementor-screen-only\">\n\t\t\t\t\t\t\t\tEmail\t\t\t\t\t\t\t<\/label>\n\t\t\t\t\t\t\t\t\t\t\t\t\t\t<input size=\"1\" type=\"email\" name=\"form_fields[email]\" id=\"form-field-email\" class=\"elementor-field elementor-size-sm  elementor-field-textual\" placeholder=\"Direcci\u00f3n de Correo\" required=\"required\">\n\t\t\t\t\t\t\t\t\t\t\t<\/div>\n\t\t\t\t\t\t\t\t<div class=\"elementor-field-type-textarea elementor-field-group elementor-column elementor-field-group-message elementor-col-100\">\n\t\t\t\t\t\t\t\t\t\t\t\t<label for=\"form-field-message\" class=\"elementor-field-label elementor-screen-only\">\n\t\t\t\t\t\t\t\tMessage\t\t\t\t\t\t\t<\/label>\n\t\t\t\t\t\t<textarea class=\"elementor-field-textual elementor-field  elementor-size-sm\" name=\"form_fields[message]\" id=\"form-field-message\" rows=\"1\" placeholder=\"Mensaje\"><\/textarea>\t\t\t\t<\/div>\n\t\t\t\t\t\t\t\t<div class=\"elementor-field-group elementor-column elementor-field-type-submit elementor-col-100 e-form__buttons\">\n\t\t\t\t\t<button class=\"elementor-button elementor-size-xl\" type=\"submit\">\n\t\t\t\t\t\t<span class=\"elementor-button-content-wrapper\">\n\t\t\t\t\t\t\t\t\t\t\t\t\t\t\t\t\t\t\t\t\t\t<span class=\"elementor-button-text\">Enviar<\/span>\n\t\t\t\t\t\t\t\t\t\t\t\t\t<\/span>\n\t\t\t\t\t<\/button>\n\t\t\t\t<\/div>\n\t\t\t<\/div>\n\t\t<\/form>\n\t\t\t\t\t\t<\/div>\n\t\t\t\t<\/div>\n\t\t\t\t\t<\/div>\n\t\t<\/div>\n\t\t\t\t\t<\/div>\n\t\t<\/section>\n\t\t\t\t<div class=\"elementor-element elementor-element-3d4e9464 elementor-widget__width-auto elementor-absolute elementor-view-default elementor-widget elementor-widget-icon\" data-id=\"3d4e9464\" data-element_type=\"widget\" data-e-type=\"widget\" data-settings=\"{&quot;_position&quot;:&quot;absolute&quot;,&quot;motion_fx_motion_fx_mouse&quot;:&quot;yes&quot;,&quot;motion_fx_mouseTrack_effect&quot;:&quot;yes&quot;,&quot;motion_fx_mouseTrack_direction&quot;:&quot;negative&quot;,&quot;motion_fx_mouseTrack_speed&quot;:{&quot;unit&quot;:&quot;px&quot;,&quot;size&quot;:&quot;0.4&quot;,&quot;sizes&quot;:[]}}\" data-widget_type=\"icon.default\">\n\t\t\t\t<div class=\"elementor-widget-container\">\n\t\t\t\t\t\t\t<div class=\"elementor-icon-wrapper\">\n\t\t\t<div class=\"elementor-icon\">\n\t\t\t<i aria-hidden=\"true\" class=\"fas fa-circle\"><\/i>\t\t\t<\/div>\n\t\t<\/div>\n\t\t\t\t\t\t<\/div>\n\t\t\t\t<\/div>\n\t\t\t\t<div class=\"elementor-element elementor-element-414cc724 elementor-widget__width-auto elementor-absolute elementor-view-default elementor-widget elementor-widget-icon\" data-id=\"414cc724\" data-element_type=\"widget\" data-e-type=\"widget\" data-settings=\"{&quot;_position&quot;:&quot;absolute&quot;,&quot;motion_fx_motion_fx_mouse&quot;:&quot;yes&quot;,&quot;motion_fx_mouseTrack_effect&quot;:&quot;yes&quot;,&quot;motion_fx_mouseTrack_speed&quot;:{&quot;unit&quot;:&quot;px&quot;,&quot;size&quot;:&quot;0.6&quot;,&quot;sizes&quot;:[]}}\" data-widget_type=\"icon.default\">\n\t\t\t\t<div class=\"elementor-widget-container\">\n\t\t\t\t\t\t\t<div class=\"elementor-icon-wrapper\">\n\t\t\t<div class=\"elementor-icon\">\n\t\t\t<i aria-hidden=\"true\" class=\"fas fa-square-full\"><\/i>\t\t\t<\/div>\n\t\t<\/div>\n\t\t\t\t\t\t<\/div>\n\t\t\t\t<\/div>\n\t\t\t\t\t<\/div>\n\t\t<\/div>\n\t\t\t\t\t<\/div>\n\t\t<\/section>\n\t\t\t\t<\/div>\n\t\t","protected":false},"excerpt":{"rendered":"<p>Si est\u00e1s interesado en mi obra y quieres m\u00e1s informaci\u00f3n, hablemos.<\/p>","protected":false},"author":1,"featured_media":0,"parent":0,"menu_order":0,"comment_status":"closed","ping_status":"closed","template":"elementor_header_footer","meta":{"footnotes":""},"class_list":["post-41","page","type-page","status-publish","hentry"],"_links":{"self":[{"href":"https:\/\/anajaras.com\/en_us\/wp-json\/wp\/v2\/pages\/41","targetHints":{"allow":["GET"]}}],"collection":[{"href":"https:\/\/anajaras.com\/en_us\/wp-json\/wp\/v2\/pages"}],"about":[{"href":"https:\/\/anajaras.com\/en_us\/wp-json\/wp\/v2\/types\/page"}],"author":[{"embeddable":true,"href":"https:\/\/anajaras.com\/en_us\/wp-json\/wp\/v2\/users\/1"}],"replies":[{"embeddable":true,"href":"https:\/\/anajaras.com\/en_us\/wp-json\/wp\/v2\/comments?post=41"}],"version-history":[{"count":51,"href":"https:\/\/anajaras.com\/en_us\/wp-json\/wp\/v2\/pages\/41\/revisions"}],"predecessor-version":[{"id":1906,"href":"https:\/\/anajaras.com\/en_us\/wp-json\/wp\/v2\/pages\/41\/revisions\/1906"}],"wp:attachment":[{"href":"https:\/\/anajaras.com\/en_us\/wp-json\/wp\/v2\/media?parent=41"}],"curies":[{"name":"wp","href":"https:\/\/api.w.org\/{rel}","templated":true}]}}